{"id":1310,"date":"2020-12-11T13:33:15","date_gmt":"2020-12-11T12:33:15","guid":{"rendered":"https:\/\/siebzehna.at\/cms\/?post_type=product&#038;p=1310"},"modified":"2026-01-15T15:35:03","modified_gmt":"2026-01-15T14:35:03","slug":"karton-cybock-bockbier-12-x-033-l","status":"publish","type":"product","link":"https:\/\/siebzehna.at\/cms\/?product=karton-cybock-bockbier-12-x-033-l","title":{"rendered":"Karton &#8222;Cybock&#8220; Bockbier <br>12 x 0,33 l (inkl. Flaschenpfand)"},"content":{"rendered":"<p>12 x 0,33 l Flaschen Siebzehna Cybock<\/p>\n<div data-id=\"2425a8a\" data-element_type=\"widget\" data-widget_type=\"text-editor.default\">\n<div>\n<div>\n<p><strong>Unser Bock zu besonderen Anl\u00e4ssen in Kooperation mit <a href=\"https:\/\/zwerkstatt.at\/\" target=\"_blank\" rel=\"noopener\">ZWERKSTATT<\/a><\/strong><\/p>\n<p>Der f\u00fcr Bockbier gem\u00e4\u00dfigt alkoholh\u00e4ltige Cybock liefert schokoladige und r\u00f6stige Malzaromen in einem kr\u00e4ftigen K\u00f6rper bei wohldosierter Spritzigkeit. Er wird unter Beimengung von Eichenholz vergoren, was einen nat\u00fcrlich-urigen Aspekt ins Spiel bringt. Die Hopfenkomposition, wenn auch bodenst\u00e4ndig und im Hintergrund, unterst\u00fctzt Sherry-Noten und erg\u00e4nzt eine angenehme Bittere.<\/p>\n<\/div>\n<\/div>\n<\/div>\n<div data-id=\"ba719ff\" data-element_type=\"widget\" data-widget_type=\"testimonial.default\">\n<div>\n<div>\n<div><b>Alkohol: 6.9 %vol<br \/>\nBittere: 22 IBU<br \/>\nFarbe: 29 EBC<\/b><\/div>\n<\/div>\n<\/div>\n<\/div>\n<p>&nbsp;<\/p>\n<div><\/div>\n<div><\/div>\n<div><\/div>\n<div><\/div>\n<div><\/div>\n<div><\/div>\n<div><\/div>\n<div><\/div>\n","protected":false},"excerpt":{"rendered":"<p>&nbsp;<\/p>\n<div><\/div>\n<div><\/div>\n<div><\/div>\n<div><\/div>\n<div><\/div>\n<div><\/div>\n","protected":false},"featured_media":1311,"template":"","meta":{"neve_meta_sidebar":"","neve_meta_container":"","neve_meta_enable_content_width":"off","neve_meta_content_width":0,"neve_meta_title_alignment":"","neve_meta_author_avatar":"","neve_post_elements_order":"","neve_meta_disable_header":"","neve_meta_disable_footer":"","neve_meta_disable_title":""},"product_cat":[17],"product_tag":[],"_links":{"self":[{"href":"https:\/\/siebzehna.at\/cms\/index.php?rest_route=\/wp\/v2\/product\/1310"}],"collection":[{"href":"https:\/\/siebzehna.at\/cms\/index.php?rest_route=\/wp\/v2\/product"}],"about":[{"href":"https:\/\/siebzehna.at\/cms\/index.php?rest_route=\/wp\/v2\/types\/product"}],"wp:featuredmedia":[{"embeddable":true,"href":"https:\/\/siebzehna.at\/cms\/index.php?rest_route=\/wp\/v2\/media\/1311"}],"wp:attachment":[{"href":"https:\/\/siebzehna.at\/cms\/index.php?rest_route=%2Fwp%2Fv2%2Fmedia&parent=1310"}],"wp:term":[{"taxonomy":"product_cat","embeddable":true,"href":"https:\/\/siebzehna.at\/cms\/index.php?rest_route=%2Fwp%2Fv2%2Fproduct_cat&post=1310"},{"taxonomy":"product_tag","embeddable":true,"href":"https:\/\/siebzehna.at\/cms\/index.php?rest_route=%2Fwp%2Fv2%2Fproduct_tag&post=1310"}],"curies":[{"name":"wp","href":"https:\/\/api.w.org\/{rel}","templated":true}]}}