{"id":939,"date":"2020-12-03T18:20:56","date_gmt":"2020-12-03T17:20:56","guid":{"rendered":"https:\/\/siebzehna.at\/cms\/?post_type=product&#038;p=939"},"modified":"2026-01-15T15:36:11","modified_gmt":"2026-01-15T14:36:11","slug":"karton-lockeres-helles","status":"publish","type":"product","link":"https:\/\/siebzehna.at\/cms\/?product=karton-lockeres-helles","title":{"rendered":"Karton &#8222;Lockeres&#8220; Helles<br>12 x 0,33 l (inkl. Flaschenpfand)"},"content":{"rendered":"<p>12 x 0,33 l Flaschen Siebzehna Lockeres Helles<\/p>\n<div>\n<div data-id=\"2425a8a\" data-element_type=\"widget\" data-widget_type=\"text-editor.default\">\n<div>\n<div>\n<p>Das schlankeste unter unseren Bieren ist ein oberg\u00e4riges Helles \u2013 gemacht, um geschmeidig und dezent den Durst nach \u201cBier-Bier\u201d zu befriedigen. Eine angenehme Rezenz und Anfl\u00fcge von w\u00fcrzigen Zitrusaromen bieten die pure Erfrischung. (S\u00fcffigkeit mehrfach erfolgreich beim Hernalser Bierkistenlauf erprobt ;))<\/p>\n<\/div>\n<\/div>\n<\/div>\n<div data-id=\"ba719ff\" data-element_type=\"widget\" data-widget_type=\"testimonial.default\">\n<div>\n<div>\n<div><b>Alkohol: 4.8 %vol<br \/>\nBittere: 18 IBU<br \/>\nFarbe: 9 EBC<\/b><\/div>\n<\/div>\n<\/div>\n<\/div>\n<\/div>\n<div><\/div>\n<div><\/div>\n<div><\/div>\n<div><\/div>\n<div><\/div>\n<div><\/div>\n","protected":false},"excerpt":{"rendered":"<p>&nbsp;<\/p>\n<div><\/div>\n<div><\/div>\n<div><\/div>\n<div><\/div>\n<div><\/div>\n<div><\/div>\n","protected":false},"featured_media":283,"template":"","meta":{"neve_meta_sidebar":"","neve_meta_container":"","neve_meta_enable_content_width":"off","neve_meta_content_width":0,"neve_meta_title_alignment":"","neve_meta_author_avatar":"","neve_post_elements_order":"","neve_meta_disable_header":"","neve_meta_disable_footer":"","neve_meta_disable_title":""},"product_cat":[17],"product_tag":[],"_links":{"self":[{"href":"https:\/\/siebzehna.at\/cms\/index.php?rest_route=\/wp\/v2\/product\/939"}],"collection":[{"href":"https:\/\/siebzehna.at\/cms\/index.php?rest_route=\/wp\/v2\/product"}],"about":[{"href":"https:\/\/siebzehna.at\/cms\/index.php?rest_route=\/wp\/v2\/types\/product"}],"wp:featuredmedia":[{"embeddable":true,"href":"https:\/\/siebzehna.at\/cms\/index.php?rest_route=\/wp\/v2\/media\/283"}],"wp:attachment":[{"href":"https:\/\/siebzehna.at\/cms\/index.php?rest_route=%2Fwp%2Fv2%2Fmedia&parent=939"}],"wp:term":[{"taxonomy":"product_cat","embeddable":true,"href":"https:\/\/siebzehna.at\/cms\/index.php?rest_route=%2Fwp%2Fv2%2Fproduct_cat&post=939"},{"taxonomy":"product_tag","embeddable":true,"href":"https:\/\/siebzehna.at\/cms\/index.php?rest_route=%2Fwp%2Fv2%2Fproduct_tag&post=939"}],"curies":[{"name":"wp","href":"https:\/\/api.w.org\/{rel}","templated":true}]}}